{"id":85,"date":"2016-04-12T13:06:58","date_gmt":"2016-04-12T11:06:58","guid":{"rendered":"http:\/\/34062.web.zcom.it\/?page_id=85"},"modified":"2018-12-17T09:02:24","modified_gmt":"2018-12-17T08:02:24","slug":"ueber-uns","status":"publish","type":"page","link":"https:\/\/zingerle.it\/it\/ueber-uns\/","title":{"rendered":"Chi siamo"},"content":{"rendered":"<p>[vc_row bg_type=&#8221;image&#8221; parallax_style=&#8221;vcpb-default&#8221; bg_image_new=&#8221;id^86|url^http:\/\/34062.web.zcom.it\/wp-content\/uploads\/2016\/04\/Collage.jpg|caption^null|alt^null|title^Collage|description^null&#8221; bg_image_repeat=&#8221;no-repeat&#8221;][vc_column][vc_row_inner][vc_column_inner css=&#8221;.vc_custom_1460459152481{padding-right: 50px !important;}&#8221;]<div class=\"ult-spacer spacer-69e5bf463c1f9\" data-id=\"69e5bf463c1f9\" data-height=\"350\" data-height-mobile=\"350\" data-height-tab=\"350\" data-height-tab-portrait=\"\" data-height-mobile-landscape=\"\" style=\"clear:both;display:block;\"><\/div><div id=\"ultimate-heading-156169e5bf463c205\" class=\"uvc-heading ult-adjust-bottom-margin ultimate-heading-156169e5bf463c205 uvc-9725 \" data-hspacer=\"no_spacer\"  data-halign=\"right\" style=\"text-align:right\"><div class=\"uvc-heading-spacer no_spacer\" style=\"top\"><\/div><div class=\"uvc-main-heading ult-responsive\"  data-ultimate-target='.uvc-heading.ultimate-heading-156169e5bf463c205 h1'  data-responsive-json-new='{\"font-size\":\"desktop:48px;tablet:36px;tablet_portrait:32px;mobile_landscape:24px;mobile:20px;\",\"line-height\":\"\"}' ><h1 style=\"font-family:'Raleway';font-weight:500;color:#efefef;\">CHI SIAMO<\/h1><\/div><\/div><div class=\"ult-spacer spacer-69e5bf463c20f\" data-id=\"69e5bf463c20f\" data-height=\"50\" data-height-mobile=\"50\" data-height-tab=\"50\" data-height-tab-portrait=\"\" data-height-mobile-landscape=\"\" style=\"clear:both;display:block;\"><\/div>[\/vc_column_inner][\/vc_row_inner][\/vc_column][\/vc_row][vc_row][vc_column width=&#8221;1\/6&#8243;][\/vc_column][vc_column width=&#8221;2\/3&#8243;][vc_column_text]<span style=\"font-family: helvetica, arial, sans-serif; font-size: 16px; color: #808080;\">Mi chiamo Armin Zingerle. La storia che Le racconto tratta di gente che vive in una zona da cui provengono da tempi immemorabili persone con uno straordinario potenziale di creativit\u00e0.<\/span><\/p>\n<p><span style=\"font-family: helvetica, arial, sans-serif; font-size: 16px; color: #808080;\">La regione a cui mi riferisco si estende dalla Val Gardena, attraverso la Val Pusteria fino ad arrivare al Tirolo Orientale. La sua immagine \u00e8 caratterizzata da alte montagne, valli strette e profonde avare di prati, lunghi e rigidi inverni cui si sopravviveva solo al riparo delle case contadine sparse nel paesaggio. Povert\u00e0 e fame accompagnavano la vita delle famiglie numerose. Poich\u00e9, nonostante l\u2019impegno e le modeste ambizioni della gente, la terra non era in grado di sfamarla, molti la lasciarono e andarono per il mondo.<\/span><\/p>\n<p><span style=\"font-family: helvetica, arial, sans-serif; font-size: 16px; color: #808080;\">Proprio alla gente modesta di questa terra pare che il Creatore abbia concesso quale dono particolare &#8211; quasi una sorta di compensazione \u2013 una creativit\u00e0 spesso irrefrenabile.<\/span><\/p>\n<p><span style=\"font-family: helvetica, arial, sans-serif; font-size: 16px; color: #808080;\">La pittura, cos\u00ec come l\u2019arte dell\u2019intaglio e la scultura sono di casa qui. Egger-Lienz, Defregger, Michael Pacher, Paul Troger, Domenikus Moling hanno avuto i loro natali in questo angolo del mondo.<\/span><\/p>\n<p><span style=\"font-family: helvetica, arial, sans-serif; font-size: 16px; color: #808080;\">Qui sono nato anch\u2019 io nel 1962. Fin da quando ho cominciato a muovere i primi passi ho gareggiato nel disegno, negli schizzi e nella pittura. Il desiderio interiore di raffigurare tutto ci\u00f2 che vedo, ascolto, sento, provo mi accompagna sempre ed \u00e8 il mio motore. Cos\u00ec considero la mia vita come predestinata.<\/span><\/p>\n<p><span style=\"font-family: helvetica, arial, sans-serif; font-size: 16px; color: #808080;\">Il continuo confrontarsi con maestri antichi e moderni, con le loro biografie e le loro tecniche, con i materiali e strumenti da essi utilizzati, la ricerca delle ricette dei colori sono diventati un elisir di vita. Non solo ho realizzato io stesso diverse opere, ma ho restituito alle opere affidatemi delle pi\u00f9 diverse epoche, la loro originalit\u00e0 e il loro fascino originari.<\/span><\/p>\n<p><span style=\"font-family: helvetica, arial, sans-serif; font-size: 16px; color: #808080;\">In questo modo ho fatto della mia vocazione una professione e nel corso degli anni si sono unite a me persone con identici intenti. La nostra azienda \u00e8 cresciuta fino a diventare una famiglia armoniosa, a cui piace coltivare gli stessi interessi. Con grande sensibilit\u00e0 e straordinarie abilit\u00e0 artigianali siamo in grado di risolvere per Lei i compiti affidatici.<\/span><\/p>\n<p><span style=\"font-family: helvetica, arial, sans-serif; font-size: 16px; color: #808080;\">I nostri posti di lavoro spaziano dalla arcate delle volte di edifici sacri a notevoli altezze alle facciate esterne, dagli ambienti di hotel e case private da decorare artisticamente fino ai lavori di elevata concentrazione in atelier e laboratori dove restauriamo altari, sculture e dipinti ad olio di antichi maestri.<\/span><\/p>\n<p><span style=\"font-family: helvetica, arial, sans-serif; font-size: 16px; color: #808080;\">La nostra azienda a gestione familiare ha eseguito le commesse nei settori sotto elencati con piena soddisfazione della clientela:<\/span><\/p>\n<p><span style=\"font-family: helvetica, arial, sans-serif; font-size: 16px; color: #808080;\">lavori di restauro:<\/span><br \/>\n<span style=\"font-family: helvetica, arial, sans-serif; font-size: 16px; color: #808080;\">&#8211; Chiesa parrocchiale di Caldaro: pala d\u2019altare e altare, superfici architettoniche e affreschi<\/span><br \/>\n<span style=\"font-family: helvetica, arial, sans-serif; font-size: 16px; color: #808080;\">&#8211; Chiesa parrocchiale di Funes: altari, superfici architettoniche e affreschi<\/span><br \/>\n<span style=\"font-family: helvetica, arial, sans-serif; font-size: 16px; color: #808080;\">&#8211; Ambasciata italiana a Berlino: rivestimenti barocchi in legno dorato e bianco<\/span><br \/>\n<span style=\"font-family: helvetica, arial, sans-serif; font-size: 16px; color: #808080;\">&#8211; Chiesa parrocchiale di Tiso: pitture storiche e superfici architettoniche<\/span><br \/>\n<span style=\"font-family: helvetica, arial, sans-serif; font-size: 16px; color: #808080;\">&#8211; Chiesa parrocchiale di Nava: altare gotico e affreschi, superfici architettoniche gotiche<\/span><br \/>\n<span style=\"font-family: helvetica, arial, sans-serif; font-size: 16px; color: #808080;\">&#8211; Marchese Guerrieri-Gonzaga \u2013 Villa Lagarina, Borghetto dell\u2019Adige: diversi lavori di restauro presso i castelli e le residenze di propriet\u00e0 della famiglia.<\/span><br \/>\n<span style=\"font-family: helvetica, arial, sans-serif; font-size: 16px; color: #808080;\">&#8211; Ufficio Beni Architettonici e Artistici di Bolzano e Bundesdenkmalamt di Innsbruck: diversi lavori di restauro in chiese e costruzioni storiche<\/span><br \/>\n<span style=\"font-family: helvetica, arial, sans-serif; font-size: 16px; color: #808080;\">&#8211; Navis: chiesa parrocchiale<\/span><br \/>\n<span style=\"font-family: helvetica, arial, sans-serif; font-size: 16px; color: #808080;\">&#8211; Abbazia di Novacella: chiostro<\/span><br \/>\n<span style=\"font-family: helvetica, arial, sans-serif; font-size: 16px; color: #808080;\">&#8211; Castello Trauttmansdorff \u2013 Merano<\/span><br \/>\n<span style=\"font-family: helvetica, arial, sans-serif; font-size: 16px; color: #808080;\">&#8211; Castello De Tor \u2013 San Martino in Badia<\/span><br \/>\n<span style=\"font-family: helvetica, arial, sans-serif; font-size: 16px; color: #808080;\">&#8211; Trostburg \u2013 Ponte Gardena<\/span><br \/>\n<span style=\"font-family: helvetica, arial, sans-serif; font-size: 16px; color: #808080;\">&#8211; San Candido \u2013 Chiesa Parrocchiale \u2013 interno e figure all\u2019esterno<\/span><br \/>\n<span style=\"font-family: helvetica, arial, sans-serif; font-size: 16px; color: #808080;\">&#8211; Auna di Sotto \u2013 Chiesa Parrocchiale<\/span><br \/>\n<span style=\"font-family: helvetica, arial, sans-serif; font-size: 16px; color: #808080;\">&#8211; Chiesa Parrocchiale Signat<\/span><br \/>\n<span style=\"font-family: helvetica, arial, sans-serif; font-size: 16px; color: #808080;\">&#8211; Chiesa parrocchiale Gleif a Appiano<\/span><br \/>\n<span style=\"font-family: helvetica, arial, sans-serif; font-size: 16px; color: #808080;\">&#8211; Torre Cinese a Bressanone<\/span><\/p>\n<p><span style=\"font-family: helvetica, arial, sans-serif; font-size: 16px; color: #808080;\">pitture ornamentali:<\/span><br \/>\n<span style=\"font-family: helvetica, arial, sans-serif; font-size: 16px; color: #808080;\">&#8211; Hotel Cavallino Bianco a Ortisei in Val Gardena:<\/span><br \/>\n<span style=\"font-family: helvetica, arial, sans-serif; font-size: 16px; color: #808080;\">facciata, cupole nel settore wellness<\/span><br \/>\n<span style=\"font-family: helvetica, arial, sans-serif; font-size: 16px; color: #808080;\">&#8211; Hotel Groednerhof a Ortisei in Val Gardena<\/span><br \/>\n<span style=\"font-family: helvetica, arial, sans-serif; font-size: 16px; color: #808080;\">&#8211; Hotel Portillo a Selva di Val Gardena<\/span><br \/>\n<span style=\"font-family: helvetica, arial, sans-serif; font-size: 16px; color: #808080;\">&#8211; Hotel Schwarzenstein a Lutago\/Valle Aurina, hotel e settore wellness<\/span><br \/>\n<span style=\"font-family: helvetica, arial, sans-serif; font-size: 16px; color: #808080;\">&#8211; Hotel Meierhof a Gl\u00fccksburg sul mar Baltico<\/span><br \/>\n<span style=\"font-family: helvetica, arial, sans-serif; font-size: 16px; color: #808080;\">&#8211; Hotel Metropolitan a Dubai<\/span><br \/>\n<span style=\"font-family: helvetica, arial, sans-serif; font-size: 16px; color: #808080;\">&#8211; Hotel Alpenschl\u00f6ssl a Cadipietra<\/span><br \/>\n<span style=\"font-family: helvetica, arial, sans-serif; font-size: 16px; color: #808080;\">&#8211; Hotel Sonnalp a Obereggen<\/span><br \/>\n<span style=\"font-family: helvetica, arial, sans-serif; font-size: 16px; color: #808080;\">&#8211; Hotel Mohr Life Resort, Lermoos (A)<\/span><br \/>\n<span style=\"font-family: helvetica, arial, sans-serif; font-size: 16px; color: #808080;\">&#8211; Hotel Les Airelles \u2013 Courchevel (FR)<\/span><br \/>\n<span style=\"font-family: helvetica, arial, sans-serif; font-size: 16px; color: #808080;\">&#8211; Hotel Alpen Ruitor \u2013 M\u00e9ribel (FR)<\/span><br \/>\n<span style=\"font-family: helvetica, arial, sans-serif; font-size: 16px; color: #808080;\">&#8211; Hotel de la Loze \u2013 Courchevel (FR)<\/span><\/p>\n<p><span style=\"font-family: helvetica, arial, sans-serif; font-size: 16px; color: #808080;\">Sicuramente non riusciremo mai a scoprire il segreto del nostro talento, ma sappiamo che proprio per questo sentiamo l\u2019obbligo di conservare le opere d\u2019arte per portare diletto alla gente.<\/span><\/p>\n<p><span style=\"font-family: helvetica, arial, sans-serif; font-size: 16px; color: #808080;\"><img loading=\"lazy\" decoding=\"async\" class=\"alignnone size-medium wp-image-598\" src=\"http:\/\/34062.web.zcom.it\/wp-content\/uploads\/2016\/04\/Unterschrift-300x102.png\" alt=\"Unterschrift\" width=\"300\" height=\"102\" \/><\/span><\/p>\n<p><span style=\"font-family: helvetica, arial, sans-serif; font-size: 16px; color: #808080;\">Il team Zingerle<\/span>[\/vc_column_text][\/vc_column][vc_column width=&#8221;1\/6&#8243;][\/vc_column][\/vc_row]<\/p>","protected":false},"excerpt":{"rendered":"<p>[vc_row bg_type=&#8221;image&#8221; parallax_style=&#8221;vcpb-default&#8221; bg_image_new=&#8221;id^86|url^http:\/\/34062.web.zcom.it\/wp-content\/uploads\/2016\/04\/Collage.jpg|caption^null|alt^null|title^Collage|description^null&#8221; bg_image_repeat=&#8221;no-repeat&#8221;][vc_column][vc_row_inner][vc_column_inner css=&#8221;.vc_custom_1460459152481{padding-right: 50px !important;}&#8221;][\/vc_column_inner][\/vc_row_inner][\/vc_column][\/vc_row][vc_row][vc_column width=&#8221;1\/6&#8243;][\/vc_column][vc_column width=&#8221;2\/3&#8243;][vc_column_text]Mi chiamo Armin Zingerle. La storia che Le racconto tratta di gente che vive in una zona da cui provengono da tempi immemorabili persone con uno straordinario potenziale di creativit\u00e0. La regione a cui mi riferisco si estende dalla Val Gardena, attraverso la Val Pusteria fino [&hellip;]<\/p>\n","protected":false},"author":2,"featured_media":86,"parent":0,"menu_order":0,"comment_status":"closed","ping_status":"closed","template":"","meta":{"footnotes":""},"inhalt":[7],"class_list":["post-85","page","type-page","status-publish","has-post-thumbnail","hentry","inhalt-grid"],"aioseo_notices":[],"_links":{"self":[{"href":"https:\/\/zingerle.it\/it\/wp-json\/wp\/v2\/pages\/85","targetHints":{"allow":["GET"]}}],"collection":[{"href":"https:\/\/zingerle.it\/it\/wp-json\/wp\/v2\/pages"}],"about":[{"href":"https:\/\/zingerle.it\/it\/wp-json\/wp\/v2\/types\/page"}],"author":[{"embeddable":true,"href":"https:\/\/zingerle.it\/it\/wp-json\/wp\/v2\/users\/2"}],"replies":[{"embeddable":true,"href":"https:\/\/zingerle.it\/it\/wp-json\/wp\/v2\/comments?post=85"}],"version-history":[{"count":0,"href":"https:\/\/zingerle.it\/it\/wp-json\/wp\/v2\/pages\/85\/revisions"}],"wp:featuredmedia":[{"embeddable":true,"href":"https:\/\/zingerle.it\/it\/wp-json\/wp\/v2\/media\/86"}],"wp:attachment":[{"href":"https:\/\/zingerle.it\/it\/wp-json\/wp\/v2\/media?parent=85"}],"wp:term":[{"taxonomy":"inhalt","embeddable":true,"href":"https:\/\/zingerle.it\/it\/wp-json\/wp\/v2\/inhalt?post=85"}],"curies":[{"name":"wp","href":"https:\/\/api.w.org\/{rel}","templated":true}]}}